{"id":64,"date":"2021-09-07T14:49:56","date_gmt":"2021-09-07T14:49:56","guid":{"rendered":"http:\/\/globalepika.site\/aadl\/?page_id=64"},"modified":"2023-09-04T19:44:57","modified_gmt":"2023-09-04T19:44:57","slug":"directivos","status":"publish","type":"page","link":"https:\/\/aadl.com.ar\/index.php\/directivos\/","title":{"rendered":"Consejo Directivo"},"content":{"rendered":"\n<p><strong>Principios fundacionales de AADL<\/strong><\/p>\n\n\n\n<ul class=\"wp-block-list\">\n<li>Auspiciar la ense\u00f1anza e investigaci\u00f3n de la luminotecnia,<\/li>\n\n\n\n<li>Propiciar la creaci\u00f3n de laboratorios, centros de divulgaci\u00f3n y estudio,<\/li>\n\n\n\n<li>Fomentar el an\u00e1lisis de los fen\u00f3menos lum\u00ednicos y hacer conocer sus resultados,<\/li>\n\n\n\n<li>Realizar estudios t\u00e9cnicos que sirvan de base para la creaci\u00f3n de normas, recomendaciones y c\u00f3digos de pr\u00e1ctica para la correcta aplicaci\u00f3n de la iluminaci\u00f3n,<\/li>\n\n\n\n<li>Participar y organizar foros, congresos, exposiciones, cursos y jornadas t\u00e9cnicas, como manera de nutrir de conocimiento a los asociados y a su vez transmitirlos a la sociedad,<\/li>\n\n\n\n<li>Divulgar el conocimiento y las actividades relacionadas con la luz, mediante publicaciones peri\u00f3dicas o especiales, en las modalidades y formatos que fueran posibles, como medio de aporte a la comunidad<\/li>\n<\/ul>\n\n\n\n<p><strong>Consejo Directivo Institucional<\/strong><\/p>\n\n\n\n<p><strong>Presidente:<\/strong> Ing. Flavio O. Fern\u00e1ndez<\/p>\n\n\n\n<p><strong>Secretario:<\/strong> Ing. Javier E. Tortone<\/p>\n\n\n\n<p><strong>Tesorero:<\/strong> Ing. Rub\u00e9n O. S\u00e1nchez<\/p>\n\n\n\n<p><strong>Vocal Titular<\/strong>: Arq. Carlos A. Zoppi<\/p>\n\n\n\n<p><strong>Vocal Suplente:<\/strong> Ing. Oscar A. Locicero<\/p>\n\n\n\n<p><strong>Revisora de Cuentas<\/strong>: Dis. B\u00e1rbara K. Del Fabro<\/p>\n\n\n\n<p><\/p>\n","protected":false},"excerpt":{"rendered":"<p>Principios fundacionales de AADL Consejo Directivo Institucional Presidente: Ing. Flavio O. Fern\u00e1ndez Secretario: Ing. Javier E. Tortone Tesorero: Ing. Rub\u00e9n O. S\u00e1nchez Vocal Titular: Arq.&hellip;<\/p>\n","protected":false},"author":1,"featured_media":0,"parent":0,"menu_order":5,"comment_status":"closed","ping_status":"closed","template":"","meta":{"footnotes":""},"class_list":["post-64","page","type-page","status-publish","hentry"],"aioseo_notices":[],"jetpack_sharing_enabled":true,"_links":{"self":[{"href":"https:\/\/aadl.com.ar\/index.php\/wp-json\/wp\/v2\/pages\/64","targetHints":{"allow":["GET"]}}],"collection":[{"href":"https:\/\/aadl.com.ar\/index.php\/wp-json\/wp\/v2\/pages"}],"about":[{"href":"https:\/\/aadl.com.ar\/index.php\/wp-json\/wp\/v2\/types\/page"}],"author":[{"embeddable":true,"href":"https:\/\/aadl.com.ar\/index.php\/wp-json\/wp\/v2\/users\/1"}],"replies":[{"embeddable":true,"href":"https:\/\/aadl.com.ar\/index.php\/wp-json\/wp\/v2\/comments?post=64"}],"version-history":[{"count":3,"href":"https:\/\/aadl.com.ar\/index.php\/wp-json\/wp\/v2\/pages\/64\/revisions"}],"predecessor-version":[{"id":1088,"href":"https:\/\/aadl.com.ar\/index.php\/wp-json\/wp\/v2\/pages\/64\/revisions\/1088"}],"wp:attachment":[{"href":"https:\/\/aadl.com.ar\/index.php\/wp-json\/wp\/v2\/media?parent=64"}],"curies":[{"name":"wp","href":"https:\/\/api.w.org\/{rel}","templated":true}]}}