{"id":68,"date":"2021-09-07T15:00:20","date_gmt":"2021-09-07T15:00:20","guid":{"rendered":"http:\/\/globalepika.site\/aadl\/?page_id=68"},"modified":"2022-05-04T01:01:24","modified_gmt":"2022-05-04T01:01:24","slug":"centros-regionales","status":"publish","type":"page","link":"https:\/\/aadl.com.ar\/index.php\/centros-regionales\/","title":{"rendered":"Centros Regionales"},"content":{"rendered":"\n<p><strong><br><a href=\"http:\/\/www.aadl.com.ar\/centro-regional-buenos-aires-aadl\/\">Centro Regional Buenos Aires y Capital Federal AADL<\/a><\/strong><br><strong>Sede digital:<\/strong> srmainieri@gmail.com<br>CABA \u2013 Capital Federal<\/p>\n\n\n\n<p><strong><a href=\"http:\/\/www.aadl.com.ar\/centro-regional-centro-aadl\/\">Centro Regional Centro<br><\/a><\/strong>C\u00f3rdoba \u2013 La Rioja<br><strong>Sede C\u00f3rdoba<\/strong><\/p>\n\n\n\n<p><strong><a href=\"https:\/\/www.aadl.com.ar\/centro-regional-comahue-aadl\/\">Centro Regional Comahue AADL<br><\/a><\/strong>Neuqu\u00e9n<br><strong>Sede Neuqu\u00e9n<\/strong>&#8211; Saavedra 95 \u2013 TE 02994488305 \u2013 (8324) Cipoleti Rio Negro<\/p>\n\n\n\n<p><strong><a href=\"http:\/\/www.aadl.com.ar\/centro-regional-cuyo-aadl\/\">Centro Regional Cuyo AADL<br><\/a><\/strong>Mendoza \u2013 San Juan \u2013 San Luis<br><strong>Sede \u2013 San Juan<\/strong><\/p>\n\n\n\n<p><strong><a href=\"http:\/\/www.aadl.com.ar\/centro-regional-litoral-aadl\/\">Centro Regional Litoral AADL<br><\/a><\/strong>Santa Fe \u2013 Entre R\u00edos<br><strong>Sede Rosario \u2013 Santa Fe<br><\/strong>UTN \u2013 Dto Electrotecnia \u2013 Ceballos 1341 Subsuelo \u2013 Tel: 0341802759. (2000) Rosario<\/p>\n\n\n\n<p><strong><a href=\"http:\/\/www.aadl.com.ar\/centro-regional-mendoza-aadl\/\">Centro Regional Mendoza AADL<br><\/a><\/strong>Mendoza<br><strong>Sede \u2013 Mendoza<\/strong><\/p>\n\n\n\n<p><strong><a href=\"http:\/\/www.aadl.com.ar\/centro-regional-misiones-aadl\/\">Centro Regional Misiones AADL<br><\/a><\/strong><strong>Sede Misiones: <\/strong>suecia 780, (3360) Ober\u00e1<br>email: aadl.misiones@gmail.com<br>cel: 03755 15697791<\/p>\n\n\n\n<p><strong><a href=\"http:\/\/www.aadl.com.ar\/centro-regional-noroeste-aadl\/\">Centro Regional Noroeste AADL<br><\/a><\/strong>Tucum\u00e1n \u2013 Salta \u2013 Jujuy \u2013 Catamarca \u2013 Santiago del Estero<br><strong>Sede \u2013 Tucum\u00e1n<br><\/strong>Paso de los Andes 539 \u2013 Tel \u2013 Fax: 0381- 423 6284 \u2013 (4000) San Miguel de Tucum\u00e1n<\/p>\n\n\n\n<p><strong><a href=\"http:\/\/www.aadl.com.ar\/centro-regional-sur-aadl\/\">Centro Regional Sur AADL<br><\/a><\/strong>Chubut \u2013 Santa Cruz \u2013 Tierra del Fuego \u2013 Ant\u00e1rtida \u2013 Islas Malvinas<br><strong>Sede Comodoro Rivadavia<\/strong><\/p>\n\n\n\n<p><strong>Corresponsal honorario<br><\/strong>Faustina Quiroz&nbsp; (Comodoro Rivadavia)<\/p>\n","protected":false},"excerpt":{"rendered":"<p>Centro Regional Buenos Aires y Capital Federal AADLSede digital: srmainieri@gmail.comCABA \u2013 Capital Federal Centro Regional CentroC\u00f3rdoba \u2013 La RiojaSede C\u00f3rdoba Centro Regional Comahue AADLNeuqu\u00e9nSede Neuqu\u00e9n&#8211;&hellip;<\/p>\n","protected":false},"author":1,"featured_media":0,"parent":0,"menu_order":4,"comment_status":"closed","ping_status":"closed","template":"","meta":{"footnotes":""},"class_list":["post-68","page","type-page","status-publish","hentry"],"aioseo_notices":[],"jetpack_sharing_enabled":true,"_links":{"self":[{"href":"https:\/\/aadl.com.ar\/index.php\/wp-json\/wp\/v2\/pages\/68","targetHints":{"allow":["GET"]}}],"collection":[{"href":"https:\/\/aadl.com.ar\/index.php\/wp-json\/wp\/v2\/pages"}],"about":[{"href":"https:\/\/aadl.com.ar\/index.php\/wp-json\/wp\/v2\/types\/page"}],"author":[{"embeddable":true,"href":"https:\/\/aadl.com.ar\/index.php\/wp-json\/wp\/v2\/users\/1"}],"replies":[{"embeddable":true,"href":"https:\/\/aadl.com.ar\/index.php\/wp-json\/wp\/v2\/comments?post=68"}],"version-history":[{"count":1,"href":"https:\/\/aadl.com.ar\/index.php\/wp-json\/wp\/v2\/pages\/68\/revisions"}],"predecessor-version":[{"id":69,"href":"https:\/\/aadl.com.ar\/index.php\/wp-json\/wp\/v2\/pages\/68\/revisions\/69"}],"wp:attachment":[{"href":"https:\/\/aadl.com.ar\/index.php\/wp-json\/wp\/v2\/media?parent=68"}],"curies":[{"name":"wp","href":"https:\/\/api.w.org\/{rel}","templated":true}]}}